{"id":740,"date":"2025-10-18T21:09:46","date_gmt":"2025-10-18T19:09:46","guid":{"rendered":"http:\/\/omdmedald.eu\/?page_id=740"},"modified":"2025-10-18T21:14:47","modified_gmt":"2025-10-18T19:14:47","slug":"rendez-vous-telephonique","status":"publish","type":"page","link":"https:\/\/omdmedald.eu\/?page_id=740","title":{"rendered":"Rendez-vous t\u00e9l\u00e9phonique"},"content":{"rendered":"\n<p><\/p>\n\n\n\n<!-- Elfsight Appointment Booking | Untitled Appointment Booking -->\n<script src=\"https:\/\/elfsightcdn.com\/platform.js\" async><\/script>\n<div class=\"elfsight-app-e3343738-77bd-4880-8f4a-e0a1c59f41a5\" data-elfsight-app-lazy><\/div>\n\n\n\n<div class=\"wp-block-buttons is-layout-flex wp-block-buttons-is-layout-flex\"><\/div>\n\n\n\n<div class=\"wp-block-group alignfull has-text-color has-background\" style=\"color:#000000;background-color:#ffffff\"><div class=\"wp-block-group__inner-container is-layout-flow wp-block-group-is-layout-flow\">\n<div style=\"height:64px\" aria-hidden=\"true\" class=\"wp-block-spacer\"><\/div>\n\n\n\n<p class=\"has-text-align-center has-small-font-size\" style=\"line-height:.9\"><strong>Contactez nous<\/strong><\/p>\n\n\n\n<h2 class=\"wp-block-heading has-text-align-center\" id=\"schedule-a-visit\" style=\"font-size:59px;line-height:1.15\"><strong>Pr\u00e9voir un appel<\/strong><\/h2>\n\n\n\n<p class=\"has-text-align-center\"><\/p>\n\n\n\n<div class=\"wp-block-buttons is-horizontal is-content-justification-center is-layout-flex wp-container-core-buttons-is-layout-499968f5 wp-block-buttons-is-layout-flex\">\n<div class=\"wp-block-button has-custom-width wp-block-button__width-50\"><a class=\"wp-block-button__link has-text-color has-background wp-element-button\" href=\"https:\/\/e334373877bd48808f4ae0a1c59f41a5.elf.site\" style=\"border-radius:50px;color:#ffffff;background-color:#000000\">Voir l&rsquo;ensemble de la page<\/a><\/div>\n<\/div>\n\n\n\n<div style=\"height:88px\" aria-hidden=\"true\" class=\"wp-block-spacer\"><\/div>\n<\/div><\/div>\n\n\n\n<p><\/p>\n\n\n\n<p><\/p>\n\n\n\n<p><\/p>\n\n\n\n<p><\/p>\n\n\n\n<p><\/p>\n\n\n\n<p><\/p>\n\n\n\n<p><\/p>\n\n\n\n<p><\/p>\n\n\n\n<p><\/p>\n\n\n\n<p><\/p>\n\n\n\n<p><\/p>\n\n\n\n<p><\/p>\n\n\n\n<p><\/p>\n\n\n<div class=\"wp-block-ub-social-share\" id=\"ub-social-share-df2b7a45-4347-4a91-912f-57c18c7b942d\">\n\t\t\t<div class=\"social-share-icons align-icons-center orientation-icons-row\"><a aria-label=\"facebook-logo\" target=\"_blank\" rel=\"nofollow\" href=\"https:\/\/www.facebook.com\/sharer\/sharer.php?u=https%3A%2F%2Fomdmedald.eu%2F%3Fpage_id%3D740&amp;title=Rendez-vous%20t%C3%A9l%C3%A9phonique\" class=\"ub-social-share-facebook-container\" style=\"border-color: #1877f2; background-color: transparent; box-shadow: none; \">\n\t\t\t\t<span class=\"social-share-icon ub-social-share-facebook\" style=\"width: 30px; height: 30px; \"><svg xmlns=\"http:\/\/www.w3.org\/2000\/svg\" style=\"fill:#1877f2\" fill=\"#1877f2\" width=\"20\" height=\"20\" viewbox=\"0 0 264 512\"><path d=\"M76.7 512V283H0v-91h76.7v-71.7C76.7 42.4 124.3 0 193.8 0c33.3 0 61.9 2.5 70.2 3.6V85h-48.2c-37.8 0-45.1 18-45.1 44.3V192H256l-11.7 91h-73.6v229\"><\/path><\/svg><\/span><span style=\"\">share<\/span>\n\t\t\t<\/a><a aria-label=\"twitter-logo\" target=\"_blank\" rel=\"nofollow\" href=\"http:\/\/twitter.com\/intent\/tweet?url=https%3A%2F%2Fomdmedald.eu%2F%3Fpage_id%3D740&amp;text=Rendez-vous%20t%C3%A9l%C3%A9phonique\" class=\"ub-social-share-twitter-container\" style=\"border-color: #1d9bf0; background-color: transparent; box-shadow: none; \">\n\t\t\t\t<span class=\"social-share-icon ub-social-share-twitter\" style=\"width: 30px; height: 30px; \"><svg xmlns=\"http:\/\/www.w3.org\/2000\/svg\" style=\"color:#1d9BF0\" fill=\"#1d9BF0\" width=\"20\" height=\"20\" viewbox=\"0 0 24 24\"><path d=\"M18.901 1.153h3.68l-8.04 9.19L24 22.846h-7.406l-5.8-7.584l-6.638 7.584H.474l8.6-9.83L0 1.154h7.594l5.243 6.932ZM17.61 20.644h2.039L6.486 3.24H4.298Z\"><\/path><\/svg><\/span><span style=\"\">tweet<\/span>\n\t\t\t<\/a><a aria-label=\"linkedin-logo\" target=\"_blank\" rel=\"nofollow\" href=\"https:\/\/www.linkedin.com\/sharing\/share-offsite\/?url=https%3A%2F%2Fomdmedald.eu%2F%3Fpage_id%3D740\" class=\"ub-social-share-linkedin-container\" style=\"border-color: #2867b2; background-color: transparent; box-shadow: none; \">\n\t\t\t\t<span class=\"social-share-icon ub-social-share-linkedin\" style=\"width: 30px; height: 30px; \"><svg xmlns=\"http:\/\/www.w3.org\/2000\/svg\" style=\"fill:#2867b2\" fill=\"#2867b2\" width=\"20\" height=\"20\" viewbox=\"0 0 448 512\"><path d=\"M100.3 480H7.4V180.9h92.9V480zM53.8 140.1C24.1 140.1 0 115.5 0 85.8 0 56.1 24.1 32 53.8 32c29.7 0 53.8 24.1 53.8 53.8 0 29.7-24.1 54.3-53.8 54.3zM448 480h-92.7V334.4c0-34.7-.7-79.2-48.3-79.2-48.3 0-55.7 37.7-55.7 76.7V480h-92.8V180.9h89.1v40.8h1.3c12.4-23.5 42.7-48.3 87.9-48.3 94 0 111.3 61.9 111.3 142.3V480z\"><\/path><\/svg><\/span><span style=\"\">share<\/span>\n\t\t\t<\/a><a aria-label=\"pinterest-logo\" target=\"_blank\" rel=\"nofollow\" href=\"https:\/\/pinterest.com\/pin\/create\/button\/?&amp;url=https%3A%2F%2Fomdmedald.eu%2F%3Fpage_id%3D740&amp;description=Rendez-vous%20t%C3%A9l%C3%A9phonique&amp;media=\" class=\"ub-social-share-pinterest-container\" style=\"border-color: #e60023; background-color: transparent; box-shadow: none; \">\n\t\t\t\t<span class=\"social-share-icon ub-social-share-pinterest\" style=\"width: 30px; height: 30px; \"><svg xmlns=\"http:\/\/www.w3.org\/2000\/svg\" style=\"fill:#e60023\" fill=\"#e60023\" width=\"20\" height=\"20\" viewbox=\"0 0 384 512\"><path d=\"M204 6.5C101.4 6.5 0 74.9 0 185.6 0 256 39.6 296 63.6 296c9.9 0 15.6-27.6 15.6-35.4 0-9.3-23.7-29.1-23.7-67.8 0-80.4 61.2-137.4 140.4-137.4 68.1 0 118.5 38.7 118.5 109.8 0 53.1-21.3 152.7-90.3 152.7-24.9 0-46.2-18-46.2-43.8 0-37.8 26.4-74.4 26.4-113.4 0-66.2-93.9-54.2-93.9 25.8 0 16.8 2.1 35.4 9.6 50.7-13.8 59.4-42 147.9-42 209.1 0 18.9 2.7 37.5 4.5 56.4 3.4 3.8 1.7 3.4 6.9 1.5 50.4-69 48.6-82.5 71.4-172.8 12.3 23.4 44.1 36 69.3 36 106.2 0 153.9-103.5 153.9-196.8C384 71.3 298.2 6.5 204 6.5z\"><\/path><\/svg><\/span><span style=\"\">pin<\/span>\n\t\t\t<\/a><a aria-label=\"reddit-logo\" target=\"_blank\" rel=\"nofollow\" href=\"http:\/\/www.reddit.com\/submit?url=https%3A%2F%2Fomdmedald.eu%2F%3Fpage_id%3D740&amp;title=Rendez-vous%20t%C3%A9l%C3%A9phonique\" class=\"ub-social-share-reddit-container\" style=\"border-color: #ff4500; background-color: transparent; box-shadow: none; \">\n\t\t\t\t<span class=\"social-share-icon ub-social-share-reddit\" style=\"width: 30px; height: 30px; \"><svg xmlns=\"http:\/\/www.w3.org\/2000\/svg\" style=\"fill:#ff4500\" fill=\"#ff4500\" width=\"20\" height=\"20\" viewbox=\"0 0 512 512\"><path d=\"M440.3 203.5c-15 0-28.2 6.2-37.9 15.9-35.7-24.7-83.8-40.6-137.1-42.3L293 52.3l88.2 19.8c0 21.6 17.6 39.2 39.2 39.2 22 0 39.7-18.1 39.7-39.7s-17.6-39.7-39.7-39.7c-15.4 0-28.7 9.3-35.3 22l-97.4-21.6c-4.9-1.3-9.7 2.2-11 7.1L246.3 177c-52.9 2.2-100.5 18.1-136.3 42.8-9.7-10.1-23.4-16.3-38.4-16.3-55.6 0-73.8 74.6-22.9 100.1-1.8 7.9-2.6 16.3-2.6 24.7 0 83.8 94.4 151.7 210.3 151.7 116.4 0 210.8-67.9 210.8-151.7 0-8.4-.9-17.2-3.1-25.1 49.9-25.6 31.5-99.7-23.8-99.7zM129.4 308.9c0-22 17.6-39.7 39.7-39.7 21.6 0 39.2 17.6 39.2 39.7 0 21.6-17.6 39.2-39.2 39.2-22 .1-39.7-17.6-39.7-39.2zm214.3 93.5c-36.4 36.4-139.1 36.4-175.5 0-4-3.5-4-9.7 0-13.7 3.5-3.5 9.7-3.5 13.2 0 27.8 28.5 120 29 149 0 3.5-3.5 9.7-3.5 13.2 0 4.1 4 4.1 10.2.1 13.7zm-.8-54.2c-21.6 0-39.2-17.6-39.2-39.2 0-22 17.6-39.7 39.2-39.7 22 0 39.7 17.6 39.7 39.7-.1 21.5-17.7 39.2-39.7 39.2z\"><\/path><\/svg><\/span><span style=\"\">post<\/span>\n\t\t\t<\/a><a aria-label=\"tumblr-logo\" target=\"_blank\" rel=\"nofollow\" href=\"https:\/\/www.tumblr.com\/widgets\/share\/tool?canonicalUrl=https%3A%2F%2Fomdmedald.eu%2F%3Fpage_id%3D740&amp;title=Rendez-vous%20t%C3%A9l%C3%A9phonique\" class=\"ub-social-share-tumblr-container\" style=\"border-color: #001935; background-color: transparent; box-shadow: none; \">\n\t\t\t\t<span class=\"social-share-icon ub-social-share-tumblr\" style=\"width: 30px; height: 30px; \"><svg xmlns=\"http:\/\/www.w3.org\/2000\/svg\" style=\"fill:#001935\" fill=\"#001935\" width=\"20\" height=\"20\" viewbox=\"0 0 320 512\"><path d=\"M309.8 480.3c-13.6 14.5-50 31.7-97.4 31.7-120.8 0-147-88.8-147-140.6v-144H17.9c-5.5 0-10-4.5-10-10v-68c0-7.2 4.5-13.6 11.3-16 62-21.8 81.5-76 84.3-117.1.8-11 6.5-16.3 16.1-16.3h70.9c5.5 0 10 4.5 10 10v115.2h83c5.5 0 10 4.4 10 9.9v81.7c0 5.5-4.5 10-10 10h-83.4V360c0 34.2 23.7 53.6 68 35.8 4.8-1.9 9-3.2 12.7-2.2 3.5.9 5.8 3.4 7.4 7.9l22 64.3c1.8 5 3.3 10.6-.4 14.5z\"><\/path><\/svg><\/span><span style=\"\">share<\/span>\n\t\t\t<\/a><\/div>\n\t\t<\/div><div class=\"gsp_post_data\" \r\n\t            data-post_type=\"page\" \r\n\t            data-cat=\"\" \r\n\t            data-modified=\"120\"\r\n\t            data-created=\"1760821786\"\r\n\t            data-title=\"Rendez-vous t\u00e9l\u00e9phonique\" \r\n\t            data-home=\"https:\/\/omdmedald.eu\"><\/div>","protected":false},"excerpt":{"rendered":"<p>Contactez nous Pr\u00e9voir un appel<\/p>\n","protected":false},"author":1,"featured_media":0,"parent":0,"menu_order":0,"comment_status":"closed","ping_status":"closed","template":"","meta":{"_bbp_topic_count":0,"_bbp_reply_count":0,"_bbp_total_topic_count":0,"_bbp_total_reply_count":0,"_bbp_voice_count":0,"_bbp_anonymous_reply_count":0,"_bbp_topic_count_hidden":0,"_bbp_reply_count_hidden":0,"_bbp_forum_subforum_count":0,"_regular_price":[],"currency_symbol":[],"footnotes":""},"class_list":["post-740","page","type-page","status-publish","hentry","grid-sizer"],"post_slider_layout_featured_media_urls":{"thumbnail":"","post_slider_layout_landscape_large":"","post_slider_layout_portrait_large":"","post_slider_layout_square_large":"","post_slider_layout_landscape":"","post_slider_layout_portrait":"","post_slider_layout_square":"","full":""},"featured_image_src":null,"yoast_head":"<!-- This site is optimized with the Yoast SEO plugin v27.4 - https:\/\/yoast.com\/product\/yoast-seo-wordpress\/ -->\n<title>Rendez-vous t\u00e9l\u00e9phonique | Omdmedald<\/title>\n<meta name=\"robots\" content=\"index, follow, max-snippet:-1, max-image-preview:large, max-video-preview:-1\" \/>\n<link rel=\"canonical\" href=\"https:\/\/omdmedald.eu\/?page_id=740\" \/>\n<meta property=\"og:locale\" content=\"fr_FR\" \/>\n<meta property=\"og:type\" content=\"article\" \/>\n<meta property=\"og:title\" content=\"Rendez-vous t\u00e9l\u00e9phonique | Omdmedald\" \/>\n<meta property=\"og:description\" content=\"Contactez nous Pr\u00e9voir un appel\" \/>\n<meta property=\"og:url\" content=\"https:\/\/omdmedald.eu\/?page_id=740\" \/>\n<meta property=\"og:site_name\" content=\"Omdmedald\" \/>\n<meta property=\"article:publisher\" content=\"https:\/\/www.facebook.com\/omdmedald\" \/>\n<meta property=\"article:modified_time\" content=\"2025-10-18T19:14:47+00:00\" \/>\n<meta name=\"twitter:card\" content=\"summary_large_image\" \/>\n<meta name=\"twitter:site\" content=\"@omdmedald\" \/>\n<meta name=\"twitter:label1\" content=\"Dur\u00e9e de lecture estim\u00e9e\" \/>\n\t<meta name=\"twitter:data1\" content=\"1 minute\" \/>\n<script type=\"application\/ld+json\" class=\"yoast-schema-graph\">{\"@context\":\"https:\\\/\\\/schema.org\",\"@graph\":[{\"@type\":\"WebPage\",\"@id\":\"https:\\\/\\\/omdmedald.eu\\\/?page_id=740\",\"url\":\"https:\\\/\\\/omdmedald.eu\\\/?page_id=740\",\"name\":\"Rendez-vous t\u00e9l\u00e9phonique | Omdmedald\",\"isPartOf\":{\"@id\":\"http:\\\/\\\/omdmedald.eu\\\/#website\"},\"datePublished\":\"2025-10-18T19:09:46+00:00\",\"dateModified\":\"2025-10-18T19:14:47+00:00\",\"breadcrumb\":{\"@id\":\"https:\\\/\\\/omdmedald.eu\\\/?page_id=740#breadcrumb\"},\"inLanguage\":\"fr-FR\",\"potentialAction\":[{\"@type\":\"ReadAction\",\"target\":[\"https:\\\/\\\/omdmedald.eu\\\/?page_id=740\"]}]},{\"@type\":\"BreadcrumbList\",\"@id\":\"https:\\\/\\\/omdmedald.eu\\\/?page_id=740#breadcrumb\",\"itemListElement\":[{\"@type\":\"ListItem\",\"position\":1,\"name\":\"Accueil\",\"item\":\"https:\\\/\\\/omdmedald.eu\\\/\"},{\"@type\":\"ListItem\",\"position\":2,\"name\":\"Rendez-vous t\u00e9l\u00e9phonique\"}]},{\"@type\":\"WebSite\",\"@id\":\"http:\\\/\\\/omdmedald.eu\\\/#website\",\"url\":\"http:\\\/\\\/omdmedald.eu\\\/\",\"name\":\"Omdmedald\",\"description\":\"La d\u00e9fense des droits Humains\",\"publisher\":{\"@id\":\"http:\\\/\\\/omdmedald.eu\\\/#organization\"},\"potentialAction\":[{\"@type\":\"SearchAction\",\"target\":{\"@type\":\"EntryPoint\",\"urlTemplate\":\"http:\\\/\\\/omdmedald.eu\\\/?s={search_term_string}\"},\"query-input\":{\"@type\":\"PropertyValueSpecification\",\"valueRequired\":true,\"valueName\":\"search_term_string\"}}],\"inLanguage\":\"fr-FR\"},{\"@type\":\"Organization\",\"@id\":\"http:\\\/\\\/omdmedald.eu\\\/#organization\",\"name\":\"Organisation Omdmedald\",\"url\":\"http:\\\/\\\/omdmedald.eu\\\/\",\"logo\":{\"@type\":\"ImageObject\",\"inLanguage\":\"fr-FR\",\"@id\":\"http:\\\/\\\/omdmedald.eu\\\/#\\\/schema\\\/logo\\\/image\\\/\",\"url\":\"https:\\\/\\\/omdmedald.eu\\\/wp-content\\\/uploads\\\/2023\\\/08\\\/cropped-OMD-TRANSPA002Blanc0290-003-001.png\",\"contentUrl\":\"https:\\\/\\\/omdmedald.eu\\\/wp-content\\\/uploads\\\/2023\\\/08\\\/cropped-OMD-TRANSPA002Blanc0290-003-001.png\",\"width\":290,\"height\":290,\"caption\":\"Organisation Omdmedald\"},\"image\":{\"@id\":\"http:\\\/\\\/omdmedald.eu\\\/#\\\/schema\\\/logo\\\/image\\\/\"},\"sameAs\":[\"https:\\\/\\\/www.facebook.com\\\/omdmedald\",\"https:\\\/\\\/x.com\\\/omdmedald\",\"https:\\\/\\\/vk.com\\\/omdmedald\"]}]}<\/script>\n<!-- \/ Yoast SEO plugin. -->","yoast_head_json":{"title":"Rendez-vous t\u00e9l\u00e9phonique | Omdmedald","robots":{"index":"index","follow":"follow","max-snippet":"max-snippet:-1","max-image-preview":"max-image-preview:large","max-video-preview":"max-video-preview:-1"},"canonical":"https:\/\/omdmedald.eu\/?page_id=740","og_locale":"fr_FR","og_type":"article","og_title":"Rendez-vous t\u00e9l\u00e9phonique | Omdmedald","og_description":"Contactez nous Pr\u00e9voir un appel","og_url":"https:\/\/omdmedald.eu\/?page_id=740","og_site_name":"Omdmedald","article_publisher":"https:\/\/www.facebook.com\/omdmedald","article_modified_time":"2025-10-18T19:14:47+00:00","twitter_card":"summary_large_image","twitter_site":"@omdmedald","twitter_misc":{"Dur\u00e9e de lecture estim\u00e9e":"1 minute"},"schema":{"@context":"https:\/\/schema.org","@graph":[{"@type":"WebPage","@id":"https:\/\/omdmedald.eu\/?page_id=740","url":"https:\/\/omdmedald.eu\/?page_id=740","name":"Rendez-vous t\u00e9l\u00e9phonique | Omdmedald","isPartOf":{"@id":"http:\/\/omdmedald.eu\/#website"},"datePublished":"2025-10-18T19:09:46+00:00","dateModified":"2025-10-18T19:14:47+00:00","breadcrumb":{"@id":"https:\/\/omdmedald.eu\/?page_id=740#breadcrumb"},"inLanguage":"fr-FR","potentialAction":[{"@type":"ReadAction","target":["https:\/\/omdmedald.eu\/?page_id=740"]}]},{"@type":"BreadcrumbList","@id":"https:\/\/omdmedald.eu\/?page_id=740#breadcrumb","itemListElement":[{"@type":"ListItem","position":1,"name":"Accueil","item":"https:\/\/omdmedald.eu\/"},{"@type":"ListItem","position":2,"name":"Rendez-vous t\u00e9l\u00e9phonique"}]},{"@type":"WebSite","@id":"http:\/\/omdmedald.eu\/#website","url":"http:\/\/omdmedald.eu\/","name":"Omdmedald","description":"La d\u00e9fense des droits Humains","publisher":{"@id":"http:\/\/omdmedald.eu\/#organization"},"potentialAction":[{"@type":"SearchAction","target":{"@type":"EntryPoint","urlTemplate":"http:\/\/omdmedald.eu\/?s={search_term_string}"},"query-input":{"@type":"PropertyValueSpecification","valueRequired":true,"valueName":"search_term_string"}}],"inLanguage":"fr-FR"},{"@type":"Organization","@id":"http:\/\/omdmedald.eu\/#organization","name":"Organisation Omdmedald","url":"http:\/\/omdmedald.eu\/","logo":{"@type":"ImageObject","inLanguage":"fr-FR","@id":"http:\/\/omdmedald.eu\/#\/schema\/logo\/image\/","url":"https:\/\/omdmedald.eu\/wp-content\/uploads\/2023\/08\/cropped-OMD-TRANSPA002Blanc0290-003-001.png","contentUrl":"https:\/\/omdmedald.eu\/wp-content\/uploads\/2023\/08\/cropped-OMD-TRANSPA002Blanc0290-003-001.png","width":290,"height":290,"caption":"Organisation Omdmedald"},"image":{"@id":"http:\/\/omdmedald.eu\/#\/schema\/logo\/image\/"},"sameAs":["https:\/\/www.facebook.com\/omdmedald","https:\/\/x.com\/omdmedald","https:\/\/vk.com\/omdmedald"]}]}},"_links":{"self":[{"href":"https:\/\/omdmedald.eu\/index.php?rest_route=\/wp\/v2\/pages\/740","targetHints":{"allow":["GET"]}}],"collection":[{"href":"https:\/\/omdmedald.eu\/index.php?rest_route=\/wp\/v2\/pages"}],"about":[{"href":"https:\/\/omdmedald.eu\/index.php?rest_route=\/wp\/v2\/types\/page"}],"author":[{"embeddable":true,"href":"https:\/\/omdmedald.eu\/index.php?rest_route=\/wp\/v2\/users\/1"}],"replies":[{"embeddable":true,"href":"https:\/\/omdmedald.eu\/index.php?rest_route=%2Fwp%2Fv2%2Fcomments&post=740"}],"version-history":[{"count":5,"href":"https:\/\/omdmedald.eu\/index.php?rest_route=\/wp\/v2\/pages\/740\/revisions"}],"predecessor-version":[{"id":747,"href":"https:\/\/omdmedald.eu\/index.php?rest_route=\/wp\/v2\/pages\/740\/revisions\/747"}],"wp:attachment":[{"href":"https:\/\/omdmedald.eu\/index.php?rest_route=%2Fwp%2Fv2%2Fmedia&parent=740"}],"curies":[{"name":"wp","href":"https:\/\/api.w.org\/{rel}","templated":true}]}}