{"id":122,"date":"2023-09-01T09:36:21","date_gmt":"2023-09-01T07:36:21","guid":{"rendered":"http:\/\/omdmedald.eu\/?page_id=122"},"modified":"2023-12-15T23:40:01","modified_gmt":"2023-12-15T22:40:01","slug":"qui-sommes-nous","status":"publish","type":"page","link":"https:\/\/omdmedald.eu\/?page_id=122","title":{"rendered":"Qui sommes-nous ?"},"content":{"rendered":"\n<p>L&rsquo;Organisation OMDMEDALD est une Organisation Non Gouvernementale (ONG), sont si\u00e8ge social est \u00e0 Port au Prince, HA\u00cfTI (W.I.).<\/p>\n\n\n\n<p><strong>OMDMEDALD [Organisation Mondiale de la D\u00e9fense des droits de la M\u00e9moire des Esclaves D\u00e9port\u00e9s d&rsquo;Afrique et de Leurs Descendants]<\/strong><\/p>\n\n\n\n<p><\/p>\n\n\n\n<p><strong>Est une organisation visant \u00e0 d\u00e9fendre les droits de la m\u00e9moire des esclaves d\u00e9port\u00e9s d\u2019Afrique et leurs descendants dans le monde et faire respecter leurs int\u00e9r\u00eats \u00e9conomiques, pr\u00e9server l\u2019histoire de leurs anc\u00eatres africains \u00e9galement d\u00e9port\u00e9s, d\u00e9battre des alternatives de la soci\u00e9t\u00e9 actuelle, proposer des projets, des lois d\u2019orientation ainsi que d\u2019autres propositions pouvant am\u00e9liorer leur quotidien selon la loi dict\u00e9e par l\u2019autorit\u00e9 supr\u00eame, en ce sens \u0153uvrer \u00e0 leur r\u00e9alisation en attachant une importance particuli\u00e8re \u00e0 la dignit\u00e9, la s\u00e9r\u00e9nit\u00e9, l\u2019int\u00e9grit\u00e9, l\u2019amour, la v\u00e9rit\u00e9 et le respect de la libert\u00e9 des droits de l\u2019homme et des droits fondamentaux.<\/strong><br><\/p>\n\n\n\n<p class=\"has-text-align-center\"><strong>&nbsp;<\/strong>**********************&nbsp;<\/p>\n\n\n\n<p>L\u2019Organisation&nbsp;OMDMEDALD a \u00e9t\u00e9 cr\u00e9\u00e9e en 2004, par des&nbsp;personnes et plusieurs membres d\u2019associations en France, en Europe, dans le monde et sont si\u00e8ge ONG en Ha\u00efti, dont des repr\u00e9sentants&nbsp;de la F\u00e9d\u00e9ration Nationale des Associations et Groupements des Originaires d&rsquo;Outre Mer (FADOM), JE VEUX VIVRE &amp; C.R.E.A (Centre de Recherche \u00e9ducatif et Artistique), Syndicat Europ\u00e9en des musiciens Auteurs Compositeur Editeur producteur Guyanais, Fondation Humanitaire Guyanaise BRUNO BENETH MAGNE, Acad\u00e9mie Europ\u00e9enne des Droits de la D\u00e9fense et de la S\u00e9curit\u00e9 des Guyanais&nbsp;repr\u00e9sent\u00e9&nbsp;par le Pr\u00e9sident Mondiale de l\u2019OMDMEDALD monsieur Servain BRUNO, Institut Technique Europ\u00e9en de l\u2019Audiovisuel et de la Communication (ITEAC) ex-pr\u00e9sident fondateur de la Radio Mulhousienne ECN 98.1 Mhz,&nbsp;R\u00e9seau mondial-network Radio TV num\u00e9rique&nbsp;RV7 RADIO repr\u00e9sent\u00e9 par le Pr\u00e9sident porte parole des Nations monsieur Jean-Pierre GEMIEUX, Centre de R\u00e9int\u00e9gration et d\u2019Epanouissement Social des N\u00e9cessiteux HA\u00cfTIENS (CRESON) repr\u00e9sent\u00e9e par la Secr\u00e9taire Porte Parole des Nations EUROPE HA\u00cfTI, madame Majorie CHERIZARD. OMDMEDALD HA\u00cfTI en f\u00e9d\u00e8re aujourd\u2019hui plusieurs associations actives dans le monde. Nous soutenons les actions de ses associations et apportons notre contribution dans toutes les actions sur le plan international. L\u2019Organisation OMDMEDALD et les associations qui en sont membre sont non partisanes, non confessionnelles et ind\u00e9pendantes de tout gouvernement.<\/p>\n\n\n\n<p><\/p>\n\n\n\n<p><strong>Ces associations ont&nbsp;:<\/strong><\/p>\n\n\n\n<p>Pour vocation g\u00e9n\u00e9raliste, d\u00e9fendant tous les droits humains et humanitaire en respectant les droits de la m\u00e9moire des esclaves d\u00e9port\u00e9s d\u2019Afrique et leurs descendants, les droits civils et politiques, consubstantiel aux droits \u00e9conomiques, sociaux et culturels. Elles fonctionnes habituellement dans leur pays, pour combattre toute forme d\u2019agression et de violations des libert\u00e9s et des droits fondamentaux.<\/p>\n\n\n\n<p>Sont r\u00f4le principal&nbsp;: est de d\u00e9fendre tous les droits humains sur toutes ces formes. Et encourage l\u2019\u00e9ducation des peuples victimes des injustices li\u00e9es \u00e0 l\u2019illettrisme et \u00e0 la barbarie des gouvernements bafouent les droits de l\u2019homme.&nbsp;<\/p>\n\n\n\n<p><\/p>\n\n\n\n<p><strong>Le droit de la m\u00e9moire, l\u2019application des lois, et le respect des droits fondamentaux<\/strong><\/p>\n\n\n\n<p>Premier r\u00f4le de l\u2019Organisation OMDMEDALD, d\u00e9fendre les droits de la m\u00e9moire des esclaves d\u00e9port\u00e9s d\u2019Afrique et leurs descendants dans le monde et faire respecter leurs int\u00e9r\u00eats \u00e9conomiques, pr\u00e9server l\u2019histoire de leurs anc\u00eatres africains \u00e9galement d\u00e9port\u00e9s, d\u00e9battre des alternatives de la soci\u00e9t\u00e9 actuelle, proposer des projets, des lois d\u2019orientation ainsi que d\u2019autres propositions pouvant am\u00e9liorer leur quotidien selon la loi dict\u00e9e par l\u2019autorit\u00e9 supr\u00eame, en ce sens \u0153uvrer \u00e0 leur r\u00e9alisation en attachant une importance particuli\u00e8re \u00e0 la dignit\u00e9, la s\u00e9r\u00e9nit\u00e9, l\u2019int\u00e9grit\u00e9, l\u2019amour, la v\u00e9rit\u00e9 et le respect de la libert\u00e9 des droits de l\u2019homme et des droits fondamentaux.&nbsp;&nbsp;<a rel=\"noreferrer noopener\" href=\"http:\/\/73hn283.copyrightfrance.com\/\" target=\"_blank\">\u00ab \u00ab D\u00e9p\u00f4t de projet aupr\u00e8s d\u2019Huissier de Justice \u00bb \u00bb<\/a><\/p>\n\n\n\n<p><\/p>\n\n\n\n<p><strong>Informer et communiquer&nbsp;:<\/strong><\/p>\n\n\n\n<p>L\u2019Organisation OMDMEDALD, d\u00e9nonce toute forme d\u2019injustice \u00e0 l\u2019\u00e9gard&nbsp;&nbsp;des descendants de d\u00e9port\u00e9s d\u2019Afrique, \u00e0 la non consid\u00e9ration de son histoire, de sa m\u00e9moire, et de toute d\u00e9lit entravant le respect de l\u2019application de la loi et des textes en vigueurs.<\/p>\n\n\n\n<p>Nous surveillons l\u2019\u00e9tat des droits de l\u2019homme et de son application dans les \u00e9tats Europ\u00e9ens et mondial.<\/p>\n\n\n\n<p>&nbsp;L\u2019organisation se droit de communiquer sur tous supports m\u00e9diatique, presse \u00e9crite et&nbsp;&nbsp;audiovisuel, par l\u2019envoi de courrier, de rapport aupr\u00e8s des juridictions ou d\u2019autres organismes comp\u00e9tentes.<\/p>\n\n\n\n<p><\/p>\n\n\n\n<p><strong>Investigation territoriale&nbsp;:<\/strong>&nbsp;ou&nbsp;&nbsp;enregistrer des plaintes devant une juridiction. L\u2019Organisation OMDMEDALD peut demander aux gouvernements le respect de l\u2019application des lois en vigueurs, en cas de non application de la loi, l\u2019organisation fait&nbsp;&nbsp;constater et consid\u00e8re une infraction \u00e0 la loi.<\/p>\n\n\n\n<p>Les missions investigation sur le plan internationales de l \u2019OMDMEDALD sont g\u00e9n\u00e9ralement organis\u00e9es \u00e0 la demande des associations nationales, et des experts ind\u00e9pendants, et b\u00e9n\u00e9vole dans le monde.<\/p>\n\n\n\n<p>Leur mission consiste \u00e0 identifier les victimes, et enqu\u00eater sur les situations rencontr\u00e9es, faire la lumi\u00e8re sur les conditions des victimes, saisir les autorit\u00e9s locales afin de proc\u00e9der \u00e0 la connaissance des dossiers et la d\u00e9fense des victimes.&nbsp; L\u2019Organisation OMDMEDALD peut \u00e0 tout moment saisir des Huissiers de Justice et faire constater des d\u00e9lits d\u2019entraves.<\/p>\n\n\n\n<p><\/p>\n\n\n\n<p><strong>Informer et sensibiliser l\u2019opinion publique<\/strong><\/p>\n\n\n\n<p>L\u2019Organisation OMDMEDALD constitue un travail de terrain, fait rapport des demandes d\u2019application des lois en vigueurs, les conditions de leur mise en place, aupr\u00e8s des Etats concern\u00e9s.&nbsp;&nbsp;Elle fait donc part aux m\u00e9dias, aux diff\u00e9rentes associations, aux minist\u00e8res, aux gouvernements et au pr\u00e9sident de la R\u00e9publique, pour que les informations soient m\u00e9diatis\u00e9es aupr\u00e8s du grand public et des diff\u00e9rentes communaut\u00e9s internationales. L\u2019organisation OMDMEDALD utilise toutes les dispositions m\u00e9diatique, la presse \u00e9crite et audiovisuel, des conf\u00e9rences de presse, afin de communiqu\u00e9s ces constat et investigations \u00e0 la presse et aux diff\u00e9rents sites concernant l\u2019information.<\/p>\n\n\n\n<p><\/p>\n\n\n\n<p><strong>S\u00e9minaires et congr\u00e8s<\/strong><\/p>\n\n\n\n<p>Notre Organisation, organisme des s\u00e9minaires&nbsp;: national et international sur des th\u00e8mes des droits de l\u2019homme, des droits de la m\u00e9moire des esclaves d\u00e9port\u00e9s d\u2019Afrique et leurs descendants dans le monde, d\u2019autre part l\u2019 OMDMEDALD propose des consultations des experts et des missions aupr\u00e8s des diverses collectivit\u00e9s concern\u00e9es.<\/p>\n\n\n\n<p><\/p>\n\n\n\n<p><strong>Si\u00e8ge Europ\u00e9en et International<\/strong><\/p>\n\n\n\n<p>L\u2019Organisation OMDMEDALD envisage de si\u00e9ger dans diverses commissions Europ\u00e9ennes et internationales.<\/p>\n\n\n\n<p><\/p>\n\n\n\n<p>R\u00e9daction Omdmedald<\/p>\n<div class=\"gsp_post_data\" \r\n\t            data-post_type=\"page\" \r\n\t            data-cat=\"\" \r\n\t            data-modified=\"120\"\r\n\t            data-created=\"1693560981\"\r\n\t            data-title=\"Qui sommes-nous ?\" \r\n\t            data-home=\"https:\/\/omdmedald.eu\"><\/div>","protected":false},"excerpt":{"rendered":"<p>L&rsquo;Organisation OMDMEDALD est une Organisation Non Gouvernementale (ONG), sont si\u00e8ge social est \u00e0 Port au Prince, HA\u00cfTI (W.I.). OMDMEDALD [Organisation Mondiale de la D\u00e9fense des droits de la M\u00e9moire des Esclaves D\u00e9port\u00e9s d&rsquo;Afrique et de Leurs Descendants] Est une organisation visant \u00e0 d\u00e9fendre les droits de la m\u00e9moire des esclaves d\u00e9port\u00e9s d\u2019Afrique et leurs descendants &hellip; <\/p>\n","protected":false},"author":1,"featured_media":123,"parent":0,"menu_order":0,"comment_status":"closed","ping_status":"closed","template":"","meta":{"_bbp_topic_count":0,"_bbp_reply_count":0,"_bbp_total_topic_count":0,"_bbp_total_reply_count":0,"_bbp_voice_count":0,"_bbp_anonymous_reply_count":0,"_bbp_topic_count_hidden":0,"_bbp_reply_count_hidden":0,"_bbp_forum_subforum_count":0,"_regular_price":[],"currency_symbol":[],"footnotes":""},"class_list":["post-122","page","type-page","status-publish","has-post-thumbnail","hentry","grid-sizer"],"post_slider_layout_featured_media_urls":{"thumbnail":["https:\/\/omdmedald.eu\/wp-content\/uploads\/2023\/09\/OmdFond-150x150.jpg",150,150,true],"post_slider_layout_landscape_large":["https:\/\/omdmedald.eu\/wp-content\/uploads\/2023\/09\/OmdFond.jpg",775,283,false],"post_slider_layout_portrait_large":["https:\/\/omdmedald.eu\/wp-content\/uploads\/2023\/09\/OmdFond.jpg",775,283,false],"post_slider_layout_square_large":["https:\/\/omdmedald.eu\/wp-content\/uploads\/2023\/09\/OmdFond.jpg",775,283,false],"post_slider_layout_landscape":["https:\/\/omdmedald.eu\/wp-content\/uploads\/2023\/09\/OmdFond-600x283.jpg",600,283,true],"post_slider_layout_portrait":["https:\/\/omdmedald.eu\/wp-content\/uploads\/2023\/09\/OmdFond-600x283.jpg",600,283,true],"post_slider_layout_square":["https:\/\/omdmedald.eu\/wp-content\/uploads\/2023\/09\/OmdFond-600x283.jpg",600,283,true],"full":["https:\/\/omdmedald.eu\/wp-content\/uploads\/2023\/09\/OmdFond.jpg",775,283,false]},"featured_image_src":"https:\/\/omdmedald.eu\/wp-content\/uploads\/2023\/09\/OmdFond.jpg","yoast_head":"<!-- This site is optimized with the Yoast SEO plugin v27.4 - https:\/\/yoast.com\/product\/yoast-seo-wordpress\/ -->\n<title>Qui sommes-nous ? | Omdmedald<\/title>\n<meta name=\"robots\" content=\"index, follow, max-snippet:-1, max-image-preview:large, max-video-preview:-1\" \/>\n<link rel=\"canonical\" href=\"https:\/\/omdmedald.eu\/?page_id=122\" \/>\n<meta property=\"og:locale\" content=\"fr_FR\" \/>\n<meta property=\"og:type\" content=\"article\" \/>\n<meta property=\"og:title\" content=\"Qui sommes-nous ? | Omdmedald\" \/>\n<meta property=\"og:description\" content=\"L&rsquo;Organisation OMDMEDALD est une Organisation Non Gouvernementale (ONG), sont si\u00e8ge social est \u00e0 Port au Prince, HA\u00cfTI (W.I.). OMDMEDALD [Organisation Mondiale de la D\u00e9fense des droits de la M\u00e9moire des Esclaves D\u00e9port\u00e9s d&rsquo;Afrique et de Leurs Descendants] Est une organisation visant \u00e0 d\u00e9fendre les droits de la m\u00e9moire des esclaves d\u00e9port\u00e9s d\u2019Afrique et leurs descendants &hellip;\" \/>\n<meta property=\"og:url\" content=\"https:\/\/omdmedald.eu\/?page_id=122\" \/>\n<meta property=\"og:site_name\" content=\"Omdmedald\" \/>\n<meta property=\"article:publisher\" content=\"https:\/\/www.facebook.com\/omdmedald\" \/>\n<meta property=\"article:modified_time\" content=\"2023-12-15T22:40:01+00:00\" \/>\n<meta property=\"og:image\" content=\"https:\/\/omdmedald.eu\/wp-content\/uploads\/2023\/09\/OmdFond.jpg\" \/>\n\t<meta property=\"og:image:width\" content=\"775\" \/>\n\t<meta property=\"og:image:height\" content=\"283\" \/>\n\t<meta property=\"og:image:type\" content=\"image\/jpeg\" \/>\n<meta name=\"twitter:card\" content=\"summary_large_image\" \/>\n<meta name=\"twitter:site\" content=\"@omdmedald\" \/>\n<meta name=\"twitter:label1\" content=\"Dur\u00e9e de lecture estim\u00e9e\" \/>\n\t<meta name=\"twitter:data1\" content=\"5 minutes\" \/>\n<script type=\"application\/ld+json\" class=\"yoast-schema-graph\">{\"@context\":\"https:\\\/\\\/schema.org\",\"@graph\":[{\"@type\":\"WebPage\",\"@id\":\"https:\\\/\\\/omdmedald.eu\\\/?page_id=122\",\"url\":\"https:\\\/\\\/omdmedald.eu\\\/?page_id=122\",\"name\":\"Qui sommes-nous ? | Omdmedald\",\"isPartOf\":{\"@id\":\"http:\\\/\\\/omdmedald.eu\\\/#website\"},\"primaryImageOfPage\":{\"@id\":\"https:\\\/\\\/omdmedald.eu\\\/?page_id=122#primaryimage\"},\"image\":{\"@id\":\"https:\\\/\\\/omdmedald.eu\\\/?page_id=122#primaryimage\"},\"thumbnailUrl\":\"https:\\\/\\\/omdmedald.eu\\\/wp-content\\\/uploads\\\/2023\\\/09\\\/OmdFond.jpg\",\"datePublished\":\"2023-09-01T07:36:21+00:00\",\"dateModified\":\"2023-12-15T22:40:01+00:00\",\"breadcrumb\":{\"@id\":\"https:\\\/\\\/omdmedald.eu\\\/?page_id=122#breadcrumb\"},\"inLanguage\":\"fr-FR\",\"potentialAction\":[{\"@type\":\"ReadAction\",\"target\":[\"https:\\\/\\\/omdmedald.eu\\\/?page_id=122\"]}]},{\"@type\":\"ImageObject\",\"inLanguage\":\"fr-FR\",\"@id\":\"https:\\\/\\\/omdmedald.eu\\\/?page_id=122#primaryimage\",\"url\":\"https:\\\/\\\/omdmedald.eu\\\/wp-content\\\/uploads\\\/2023\\\/09\\\/OmdFond.jpg\",\"contentUrl\":\"https:\\\/\\\/omdmedald.eu\\\/wp-content\\\/uploads\\\/2023\\\/09\\\/OmdFond.jpg\",\"width\":775,\"height\":283},{\"@type\":\"BreadcrumbList\",\"@id\":\"https:\\\/\\\/omdmedald.eu\\\/?page_id=122#breadcrumb\",\"itemListElement\":[{\"@type\":\"ListItem\",\"position\":1,\"name\":\"Accueil\",\"item\":\"https:\\\/\\\/omdmedald.eu\\\/\"},{\"@type\":\"ListItem\",\"position\":2,\"name\":\"Qui sommes-nous ?\"}]},{\"@type\":\"WebSite\",\"@id\":\"http:\\\/\\\/omdmedald.eu\\\/#website\",\"url\":\"http:\\\/\\\/omdmedald.eu\\\/\",\"name\":\"Omdmedald\",\"description\":\"La d\u00e9fense des droits Humains\",\"publisher\":{\"@id\":\"http:\\\/\\\/omdmedald.eu\\\/#organization\"},\"potentialAction\":[{\"@type\":\"SearchAction\",\"target\":{\"@type\":\"EntryPoint\",\"urlTemplate\":\"http:\\\/\\\/omdmedald.eu\\\/?s={search_term_string}\"},\"query-input\":{\"@type\":\"PropertyValueSpecification\",\"valueRequired\":true,\"valueName\":\"search_term_string\"}}],\"inLanguage\":\"fr-FR\"},{\"@type\":\"Organization\",\"@id\":\"http:\\\/\\\/omdmedald.eu\\\/#organization\",\"name\":\"Organisation Omdmedald\",\"url\":\"http:\\\/\\\/omdmedald.eu\\\/\",\"logo\":{\"@type\":\"ImageObject\",\"inLanguage\":\"fr-FR\",\"@id\":\"http:\\\/\\\/omdmedald.eu\\\/#\\\/schema\\\/logo\\\/image\\\/\",\"url\":\"https:\\\/\\\/omdmedald.eu\\\/wp-content\\\/uploads\\\/2023\\\/08\\\/cropped-OMD-TRANSPA002Blanc0290-003-001.png\",\"contentUrl\":\"https:\\\/\\\/omdmedald.eu\\\/wp-content\\\/uploads\\\/2023\\\/08\\\/cropped-OMD-TRANSPA002Blanc0290-003-001.png\",\"width\":290,\"height\":290,\"caption\":\"Organisation Omdmedald\"},\"image\":{\"@id\":\"http:\\\/\\\/omdmedald.eu\\\/#\\\/schema\\\/logo\\\/image\\\/\"},\"sameAs\":[\"https:\\\/\\\/www.facebook.com\\\/omdmedald\",\"https:\\\/\\\/x.com\\\/omdmedald\",\"https:\\\/\\\/vk.com\\\/omdmedald\"]}]}<\/script>\n<!-- \/ Yoast SEO plugin. -->","yoast_head_json":{"title":"Qui sommes-nous ? | Omdmedald","robots":{"index":"index","follow":"follow","max-snippet":"max-snippet:-1","max-image-preview":"max-image-preview:large","max-video-preview":"max-video-preview:-1"},"canonical":"https:\/\/omdmedald.eu\/?page_id=122","og_locale":"fr_FR","og_type":"article","og_title":"Qui sommes-nous ? | Omdmedald","og_description":"L&rsquo;Organisation OMDMEDALD est une Organisation Non Gouvernementale (ONG), sont si\u00e8ge social est \u00e0 Port au Prince, HA\u00cfTI (W.I.). OMDMEDALD [Organisation Mondiale de la D\u00e9fense des droits de la M\u00e9moire des Esclaves D\u00e9port\u00e9s d&rsquo;Afrique et de Leurs Descendants] Est une organisation visant \u00e0 d\u00e9fendre les droits de la m\u00e9moire des esclaves d\u00e9port\u00e9s d\u2019Afrique et leurs descendants &hellip;","og_url":"https:\/\/omdmedald.eu\/?page_id=122","og_site_name":"Omdmedald","article_publisher":"https:\/\/www.facebook.com\/omdmedald","article_modified_time":"2023-12-15T22:40:01+00:00","og_image":[{"width":775,"height":283,"url":"https:\/\/omdmedald.eu\/wp-content\/uploads\/2023\/09\/OmdFond.jpg","type":"image\/jpeg"}],"twitter_card":"summary_large_image","twitter_site":"@omdmedald","twitter_misc":{"Dur\u00e9e de lecture estim\u00e9e":"5 minutes"},"schema":{"@context":"https:\/\/schema.org","@graph":[{"@type":"WebPage","@id":"https:\/\/omdmedald.eu\/?page_id=122","url":"https:\/\/omdmedald.eu\/?page_id=122","name":"Qui sommes-nous ? | Omdmedald","isPartOf":{"@id":"http:\/\/omdmedald.eu\/#website"},"primaryImageOfPage":{"@id":"https:\/\/omdmedald.eu\/?page_id=122#primaryimage"},"image":{"@id":"https:\/\/omdmedald.eu\/?page_id=122#primaryimage"},"thumbnailUrl":"https:\/\/omdmedald.eu\/wp-content\/uploads\/2023\/09\/OmdFond.jpg","datePublished":"2023-09-01T07:36:21+00:00","dateModified":"2023-12-15T22:40:01+00:00","breadcrumb":{"@id":"https:\/\/omdmedald.eu\/?page_id=122#breadcrumb"},"inLanguage":"fr-FR","potentialAction":[{"@type":"ReadAction","target":["https:\/\/omdmedald.eu\/?page_id=122"]}]},{"@type":"ImageObject","inLanguage":"fr-FR","@id":"https:\/\/omdmedald.eu\/?page_id=122#primaryimage","url":"https:\/\/omdmedald.eu\/wp-content\/uploads\/2023\/09\/OmdFond.jpg","contentUrl":"https:\/\/omdmedald.eu\/wp-content\/uploads\/2023\/09\/OmdFond.jpg","width":775,"height":283},{"@type":"BreadcrumbList","@id":"https:\/\/omdmedald.eu\/?page_id=122#breadcrumb","itemListElement":[{"@type":"ListItem","position":1,"name":"Accueil","item":"https:\/\/omdmedald.eu\/"},{"@type":"ListItem","position":2,"name":"Qui sommes-nous ?"}]},{"@type":"WebSite","@id":"http:\/\/omdmedald.eu\/#website","url":"http:\/\/omdmedald.eu\/","name":"Omdmedald","description":"La d\u00e9fense des droits Humains","publisher":{"@id":"http:\/\/omdmedald.eu\/#organization"},"potentialAction":[{"@type":"SearchAction","target":{"@type":"EntryPoint","urlTemplate":"http:\/\/omdmedald.eu\/?s={search_term_string}"},"query-input":{"@type":"PropertyValueSpecification","valueRequired":true,"valueName":"search_term_string"}}],"inLanguage":"fr-FR"},{"@type":"Organization","@id":"http:\/\/omdmedald.eu\/#organization","name":"Organisation Omdmedald","url":"http:\/\/omdmedald.eu\/","logo":{"@type":"ImageObject","inLanguage":"fr-FR","@id":"http:\/\/omdmedald.eu\/#\/schema\/logo\/image\/","url":"https:\/\/omdmedald.eu\/wp-content\/uploads\/2023\/08\/cropped-OMD-TRANSPA002Blanc0290-003-001.png","contentUrl":"https:\/\/omdmedald.eu\/wp-content\/uploads\/2023\/08\/cropped-OMD-TRANSPA002Blanc0290-003-001.png","width":290,"height":290,"caption":"Organisation Omdmedald"},"image":{"@id":"http:\/\/omdmedald.eu\/#\/schema\/logo\/image\/"},"sameAs":["https:\/\/www.facebook.com\/omdmedald","https:\/\/x.com\/omdmedald","https:\/\/vk.com\/omdmedald"]}]}},"_links":{"self":[{"href":"https:\/\/omdmedald.eu\/index.php?rest_route=\/wp\/v2\/pages\/122","targetHints":{"allow":["GET"]}}],"collection":[{"href":"https:\/\/omdmedald.eu\/index.php?rest_route=\/wp\/v2\/pages"}],"about":[{"href":"https:\/\/omdmedald.eu\/index.php?rest_route=\/wp\/v2\/types\/page"}],"author":[{"embeddable":true,"href":"https:\/\/omdmedald.eu\/index.php?rest_route=\/wp\/v2\/users\/1"}],"replies":[{"embeddable":true,"href":"https:\/\/omdmedald.eu\/index.php?rest_route=%2Fwp%2Fv2%2Fcomments&post=122"}],"version-history":[{"count":5,"href":"https:\/\/omdmedald.eu\/index.php?rest_route=\/wp\/v2\/pages\/122\/revisions"}],"predecessor-version":[{"id":190,"href":"https:\/\/omdmedald.eu\/index.php?rest_route=\/wp\/v2\/pages\/122\/revisions\/190"}],"wp:featuredmedia":[{"embeddable":true,"href":"https:\/\/omdmedald.eu\/index.php?rest_route=\/wp\/v2\/media\/123"}],"wp:attachment":[{"href":"https:\/\/omdmedald.eu\/index.php?rest_route=%2Fwp%2Fv2%2Fmedia&parent=122"}],"curies":[{"name":"wp","href":"https:\/\/api.w.org\/{rel}","templated":true}]}}